{"id":561,"date":"2024-01-27T21:09:48","date_gmt":"2024-01-27T20:09:48","guid":{"rendered":"https:\/\/xn--faonaudrey-p6a.com\/?page_id=561"},"modified":"2026-03-16T10:26:56","modified_gmt":"2026-03-16T09:26:56","slug":"facon-audrey","status":"publish","type":"page","link":"https:\/\/faconaudrey.fr\/","title":{"rendered":"Fa\u00e7on Audrey"},"content":{"rendered":"\t\t<div data-elementor-type=\"wp-page\" data-elementor-id=\"561\" class=\"elementor elementor-561\">\n\t\t\t\t<div class=\"elementor-element elementor-element-1352ffe e-flex e-con-boxed e-con e-parent\" data-id=\"1352ffe\" data-element_type=\"container\" data-e-type=\"container\">\n\t\t\t\t\t<div class=\"e-con-inner\">\n\t\t\t\t<div class=\"elementor-element elementor-element-694dc82 elementor-alert-info elementor-widget elementor-widget-alert\" data-id=\"694dc82\" data-element_type=\"widget\" data-e-type=\"widget\" data-widget_type=\"alert.default\">\n\t\t\t\t<div class=\"elementor-widget-container\">\n\t\t\t\t\t\t\t<div class=\"elementor-alert\" role=\"alert\">\n\n\t\t\t\t\t\t<span class=\"elementor-alert-title\">Code promo! <\/span>\n\t\t\t\n\t\t\t\t\t\t<span class=\"elementor-alert-description\">  Profitez d'une remise de 10% sur votre 1\u00e8re commande avec le code \"Bienvenue\"   \/\/  Livraison gratuite d\u00e8s 30 euros d'achat ou retrait click &amp; collect sur Landas \n<\/span>\n\t\t\t\n\t\t\t\t\t\t<button type=\"button\" class=\"elementor-alert-dismiss\" aria-label=\"Ignorer cette alerte.\">\n\t\t\t\t\t\t\t\t\t<span aria-hidden=\"true\">&times;<\/span>\n\t\t\t\t\t\t\t<\/button>\n\t\t\t\n\t\t<\/div>\n\t\t\t\t\t\t<\/div>\n\t\t\t\t<\/div>\n\t\t\t\t<div class=\"elementor-element elementor-element-1afce51 elementor-widget elementor-widget-ucaddon_dual_color_heading\" data-id=\"1afce51\" data-element_type=\"widget\" data-e-type=\"widget\" data-widget_type=\"ucaddon_dual_color_heading.default\">\n\t\t\t\t<div class=\"elementor-widget-container\">\n\t\t\t\t\t\n<!-- start Dual Color Heading -->\n\n<div class=\"ue-dual-color-heading\">\n  <div>\n    <span class=\"ue-title-one\">Bienvenue<\/span> <span class=\"ue-title-two\"> dans mon Univers<\/span>\n  <\/div>\n<\/div>\n<!-- end Dual Color Heading -->\t\t\t\t<\/div>\n\t\t\t\t<\/div>\n\t\t\t\t<div class=\"elementor-element elementor-element-8f12131 elementor-widget elementor-widget-ucaddon_woocommerce_category_grid\" data-id=\"8f12131\" data-element_type=\"widget\" data-e-type=\"widget\" data-widget_type=\"ucaddon_woocommerce_category_grid.default\">\n\t\t\t\t<div class=\"elementor-widget-container\">\n\t\t\t\t\t\n<!-- start WooCommerce Category Grid -->\n<style>\/* widget: WooCommerce Category Grid *\/\n\n\n\n#uc_woocommerce_category_grid_elementor_8f12131 * {\n\tbox-sizing: border-box;\t\n}\n.uc_post_grid_style_one .uc_post_grid_style_one_item {\n\toverflow: hidden;\n  \tposition: relative;\n}\n.uc_post_grid_style_one .uc_post_grid_style_one_image {\n\twidth: 100%;\n\toverflow: hidden;\n\tdisplay: block;\n}\n\n.uc_post_grid_style_one .uc_post_image {\n\tbackground-position: center center;\n\tbackground-repeat: no-repeat;\n\tdisplay: block;\n\ttransition: all 0.25s ease-in-out;\n}\n\n.uc_post_grid_style_one .uc_title {\n    font-size: 21px;\n}\n#uc_woocommerce_category_grid_elementor_8f12131 a.uc_btn {\n\ttext-decoration: none;\n    display:block;\n}\n\n\n#uc_woocommerce_category_grid_elementor_8f12131.uc_post_grid_style_one .uc_post_grid_style_one_wrap {\n    display: grid;\n}\n\n\n#uc_woocommerce_category_grid_elementor_8f12131 .uc_post_grid_style_one_item_num_posts_spacer\n{\n  display: inline-block;\n}\n\n\n\n\n\n\n\n<\/style>\n\n<div class=\"uc_post_grid_style_one\" id=\"uc_woocommerce_category_grid_elementor_8f12131\" style=\"direction:ltr;text-align:center;\">\n\t\t<div class=\"uc_post_grid_style_one_wrap\">\n\t\t\t<!-- start item -->\n                    \t\t<div class=\"uc_post_grid_style_one_item ue-grid-item-woo\">\n                    <div>\n                      <a class=\"uc_post_grid_style_one_image\" href=\"https:\/\/faconaudrey.fr\/?product_cat=boucles-doreilles\" target=\"_self\">\n                        \n                                                \n                        \t<div class=\"uc_post_image\" style=\"background-image: url(https:\/\/i0.wp.com\/faconaudrey.fr\/wp-content\/uploads\/2025\/12\/029-scaled.jpg?fit=768%2C1024&amp;ssl=1);\"><\/div>\n                        \n\t\t\t\t\t\t                        \n                      <\/a>\n                    <\/div>\n                    <div class=\"uc_content\">\n                       <div>  \n                          \n                         \t<div class=\"uc_title\"><a href=\"https:\/\/faconaudrey.fr\/?product_cat=boucles-doreilles\">Boucles d'oreilles<\/a>\n                         \t                         \t<\/div>\n                                                  \n                          <div class=\"uc_description\">Nos boucles d&#039;oreilles, reflets d&#039;un savoir-faire minutieux, sont des joyaux con\u00e7us pour illuminer chaque visage avec une gr\u00e2ce in\u00e9gal\u00e9e<\/div>                         <div class=\"uc_post_grid_style_one_button\"><a class=\"uc_btn\" href=\"https:\/\/faconaudrey.fr\/?product_cat=boucles-doreilles\" style=\"\" target=\"_self\">Voir tous les produits<\/a><\/div>                      <\/div>\n                    <\/div>\n                  <\/div>\n                    \t\t<div class=\"uc_post_grid_style_one_item ue-grid-item-woo\">\n                    <div>\n                      <a class=\"uc_post_grid_style_one_image\" href=\"https:\/\/faconaudrey.fr\/?product_cat=bracelet\" target=\"_self\">\n                        \n                                                \n                        \t<div class=\"uc_post_image\" style=\"background-image: url(https:\/\/i0.wp.com\/faconaudrey.fr\/wp-content\/uploads\/2024\/07\/20240709_143943-scaled.jpg?fit=1024%2C1024&amp;ssl=1);\"><\/div>\n                        \n\t\t\t\t\t\t                        \n                      <\/a>\n                    <\/div>\n                    <div class=\"uc_content\">\n                       <div>  \n                          \n                         \t<div class=\"uc_title\"><a href=\"https:\/\/faconaudrey.fr\/?product_cat=bracelet\">Bracelet<\/a>\n                         \t                         \t<\/div>\n                                                  \n                          <div class=\"uc_description\">Bracelets uniques qui racontent une histoire, chaque pi\u00e8ce est un symbole d&#039;artisanat fran\u00e7ais, con\u00e7ue pour embellir et exprimer<\/div>                         <div class=\"uc_post_grid_style_one_button\"><a class=\"uc_btn\" href=\"https:\/\/faconaudrey.fr\/?product_cat=bracelet\" style=\"\" target=\"_self\">Voir tous les produits<\/a><\/div>                      <\/div>\n                    <\/div>\n                  <\/div>\n                    \t\t<div class=\"uc_post_grid_style_one_item ue-grid-item-woo\">\n                    <div>\n                      <a class=\"uc_post_grid_style_one_image\" href=\"https:\/\/faconaudrey.fr\/?product_cat=collier\" target=\"_self\">\n                        \n                                                \n                        \t<div class=\"uc_post_image\" style=\"background-image: url(https:\/\/i0.wp.com\/faconaudrey.fr\/wp-content\/uploads\/2025\/04\/002-1-scaled.jpg?fit=768%2C1024&amp;ssl=1);\"><\/div>\n                        \n\t\t\t\t\t\t                        \n                      <\/a>\n                    <\/div>\n                    <div class=\"uc_content\">\n                       <div>  \n                          \n                         \t<div class=\"uc_title\"><a href=\"https:\/\/faconaudrey.fr\/?product_cat=collier\">Collier<\/a>\n                         \t                         \t<\/div>\n                                                  \n                          <div class=\"uc_description\">Colliers fa\u00e7onn\u00e9s \u00e0 la main, chaque cr\u00e9ation est une ode \u00e0 l&#039;\u00e9l\u00e9gance, un fil d\u00e9licat tiss\u00e9 avec passion et pr\u00e9cision.<\/div>                         <div class=\"uc_post_grid_style_one_button\"><a class=\"uc_btn\" href=\"https:\/\/faconaudrey.fr\/?product_cat=collier\" style=\"\" target=\"_self\">Voir tous les produits<\/a><\/div>                      <\/div>\n                    <\/div>\n                  <\/div>\n                    \t\t<div class=\"uc_post_grid_style_one_item ue-grid-item-woo\">\n                    <div>\n                      <a class=\"uc_post_grid_style_one_image\" href=\"https:\/\/faconaudrey.fr\/?product_cat=bague\" target=\"_self\">\n                        \n                                                \n                        \t<div class=\"uc_post_image\" style=\"background-image: url(https:\/\/i0.wp.com\/faconaudrey.fr\/wp-content\/uploads\/2025\/11\/010-2-scaled.jpg?fit=768%2C1024&amp;ssl=1);\"><\/div>\n                        \n\t\t\t\t\t\t                        \n                      <\/a>\n                    <\/div>\n                    <div class=\"uc_content\">\n                       <div>  \n                          \n                         \t<div class=\"uc_title\"><a href=\"https:\/\/faconaudrey.fr\/?product_cat=bague\">Bague<\/a>\n                         \t                         \t<\/div>\n                                                  \n                          <div class=\"uc_description\">Chaque bague est une promesse d&#039;originalit\u00e9, minutieusement s\u00e9lectionn\u00e9e pour c\u00e9l\u00e9brer l&#039;unicit\u00e9 et l&#039;\u00e9clat de celui qui la porte.<\/div>                         <div class=\"uc_post_grid_style_one_button\"><a class=\"uc_btn\" href=\"https:\/\/faconaudrey.fr\/?product_cat=bague\" style=\"\" target=\"_self\">Voir tous les produits<\/a><\/div>                      <\/div>\n                    <\/div>\n                  <\/div>\n                    \t\t<div class=\"uc_post_grid_style_one_item ue-grid-item-woo\">\n                    <div>\n                      <a class=\"uc_post_grid_style_one_image\" href=\"https:\/\/faconaudrey.fr\/?product_cat=marque-page\" target=\"_self\">\n                        \n                                                \n                        \t<div class=\"uc_post_image\" style=\"background-image: url(https:\/\/i0.wp.com\/faconaudrey.fr\/wp-content\/uploads\/2024\/02\/418298914_1813780882404710_4347465612203789513_n.webp?fit=1024%2C1024&amp;ssl=1);\"><\/div>\n                        \n\t\t\t\t\t\t                        \n                      <\/a>\n                    <\/div>\n                    <div class=\"uc_content\">\n                       <div>  \n                          \n                         \t<div class=\"uc_title\"><a href=\"https:\/\/faconaudrey.fr\/?product_cat=marque-page\">Marque page<\/a>\n                         \t                         \t<\/div>\n                                                  \n                          <div class=\"uc_description\">Transformez votre lecture en une exp\u00e9rience \u00e9l\u00e9gante avec nos marque-pages, des cr\u00e9ations artisanales qui capturent l&#039;essence de votre histoire<\/div>                         <div class=\"uc_post_grid_style_one_button\"><a class=\"uc_btn\" href=\"https:\/\/faconaudrey.fr\/?product_cat=marque-page\" style=\"\" target=\"_self\">Voir tous les produits<\/a><\/div>                      <\/div>\n                    <\/div>\n                  <\/div>\n                    \t\t<div class=\"uc_post_grid_style_one_item ue-grid-item-woo\">\n                    <div>\n                      <a class=\"uc_post_grid_style_one_image\" href=\"https:\/\/faconaudrey.fr\/?product_cat=toutes-les-creations\" target=\"_self\">\n                        \n                                                \n                        \t<div class=\"uc_post_image\" style=\"background-image: url(https:\/\/i0.wp.com\/faconaudrey.fr\/wp-content\/uploads\/2024\/02\/417936980_699392378728044_1567950446692604877_n.webp?fit=1024%2C1024&amp;ssl=1);\"><\/div>\n                        \n\t\t\t\t\t\t                        \n                      <\/a>\n                    <\/div>\n                    <div class=\"uc_content\">\n                       <div>  \n                          \n                         \t<div class=\"uc_title\"><a href=\"https:\/\/faconaudrey.fr\/?product_cat=toutes-les-creations\">Toutes les cr\u00e9ations<\/a>\n                         \t                         \t<\/div>\n                                                  \n                          <div class=\"uc_description\">Explorez l&#039;univers &#039;Fa\u00e7on Audrey&#039; o\u00f9 chaque cr\u00e9ation est une pi\u00e8ce unique, con\u00e7ue avec passion et d\u00e9di\u00e9e \u00e0 l&#039;authenticit\u00e9 de l&#039;artisanat fran\u00e7ais.<\/div>                         <div class=\"uc_post_grid_style_one_button\"><a class=\"uc_btn\" href=\"https:\/\/faconaudrey.fr\/?product_cat=toutes-les-creations\" style=\"\" target=\"_self\">Voir tous les produits<\/a><\/div>                      <\/div>\n                    <\/div>\n                  <\/div>\n                 \n            <!-- end item -->\n\t\t<\/div>\n\t<\/div>\n<!-- end WooCommerce Category Grid -->\t\t\t\t<\/div>\n\t\t\t\t<\/div>\n\t\t\t\t\t<\/div>\n\t\t\t\t<\/div>\n\t\t<div class=\"elementor-element elementor-element-3be4c98 e-flex e-con-boxed e-con e-parent\" data-id=\"3be4c98\" data-element_type=\"container\" data-e-type=\"container\">\n\t\t\t\t\t<div class=\"e-con-inner\">\n\t\t\t\t<div class=\"elementor-element elementor-element-8a7a3bd elementor-widget elementor-widget-heading\" data-id=\"8a7a3bd\" data-element_type=\"widget\" data-e-type=\"widget\" data-widget_type=\"heading.default\">\n\t\t\t\t<div class=\"elementor-widget-container\">\n\t\t\t\t\t<h2 class=\"elementor-heading-title elementor-size-default\">D\u00e9cryptage d'une passion<\/h2>\t\t\t\t<\/div>\n\t\t\t\t<\/div>\n\t\t\t\t\t<\/div>\n\t\t\t\t<\/div>\n\t\t<div class=\"elementor-element elementor-element-bf9e3eb e-flex e-con-boxed e-con e-parent\" data-id=\"bf9e3eb\" data-element_type=\"container\" data-e-type=\"container\" data-settings=\"{&quot;background_background&quot;:&quot;classic&quot;}\">\n\t\t\t\t\t<div class=\"e-con-inner\">\n\t\t\t\t<div class=\"elementor-element elementor-element-1aed3ed elementor-widget elementor-widget-ucaddon_two_column_product_bullets\" data-id=\"1aed3ed\" data-element_type=\"widget\" data-e-type=\"widget\" data-widget_type=\"ucaddon_two_column_product_bullets.default\">\n\t\t\t\t<div class=\"elementor-widget-container\">\n\t\t\t\t\t\n<!-- start Product Highlights -->\n\t\t<link id='font-awesome-css' href='https:\/\/faconaudrey.fr\/wp-content\/plugins\/unlimited-elements-for-elementor-premium\/assets_libraries\/font-awesome6\/fontawesome-all.min.css' type='text\/css' rel='stylesheet' >\n\t\t<link id='font-awesome-4-shim-css' href='https:\/\/faconaudrey.fr\/wp-content\/plugins\/unlimited-elements-for-elementor-premium\/assets_libraries\/font-awesome6\/fontawesome-v4-shims.min.css' type='text\/css' rel='stylesheet' >\n\n<style>\/* widget: Product Highlights *\/\n\n.uc_clean_bullets *{\n\tmargin:0;\n\tpadding:0;\n\tbox-sizing: border-box;\n}\n\n.uc_clean_bullets .uc_clean_bullets_figure img\n{\n\twidth:100%;\n}\n\n#uc_two_column_product_bullets_elementor_1aed3ed .uc_container_holder\n{\n  display:flex;\n  align-items:center;\n}\n\n#uc_two_column_product_bullets_elementor_1aed3ed .uc_container_holder > div\n{\n  flex:1;\n}\n\n#uc_two_column_product_bullets_elementor_1aed3ed small\n{\n  \n  background-color:#b4b4b4;\n  display:block;\n  flex: 0 1 auto;\n}\n\n#uc_two_column_product_bullets_elementor_1aed3ed h3\n{\n  display:flex;\n  align-items:center;\n  font-size:18px;\n  color:#626E3F;\n}\n\n#uc_two_column_product_bullets_elementor_1aed3ed h3 span\n{\n  flex: 0 1 auto;\n}\n\n#uc_two_column_product_bullets_elementor_1aed3ed h3 div.line\n{\n  background-color:#c0c0c0;\n  flex-grow: 1;\n  margin:10px;\n  \n}\n\n#uc_two_column_product_bullets_elementor_1aed3ed .uc_content p\n{\n  color:#B76C30;\n  line-height:1.5em;\n}\n\n#uc_two_column_product_bullets_elementor_1aed3ed .uc_last_child\n{\n  text-align:right;\n}\n\n#uc_two_column_product_bullets_elementor_1aed3ed .uc_last_child h3\n{\n  flex-direction: row-reverse;\n}\n\n\n\t#uc_two_column_product_bullets_elementor_1aed3ed .uc_last_child\n    {\n      text-align:left;\n    }  \n\t\n\n@media only screen and (max-width: 800px) {\n  #uc_two_column_product_bullets_elementor_1aed3ed .uc_container_holder\n  {\n    flex-direction: column;\n  }\n  \n  #uc_two_column_product_bullets_elementor_1aed3ed .uc_last_child h3\n{\n  flex-direction: row;\n}\n  \n  #uc_two_column_product_bullets_elementor_1aed3ed .uc_last_child\n{\n  text-align:left;\n}\n  \n  \t#uc_two_column_product_bullets_elementor_1aed3ed .uc_last_child\n    {\n      text-align:right;\n    }  \n\t\n  \n  \n}\n\n<\/style>\n\n<div class=\"uc_clean_bullets\" id=\"uc_two_column_product_bullets_elementor_1aed3ed\" style=\"direction:rtl;\">   \t\n    \t<div class=\"uc_container_holder\">\n          \t<div class=\"uc_clean_bullets_column\">\n                 <div class=\"uc_content\">\t\n  <h3>\n   <span class=\"two_column_bullet_title\">Savoir-faire <\/span>\n    <div class=\"line\"><\/div>\n    <em><small><\/small>\n    <\/em> \n  <\/h3>\n  <p class=\"two_column_bullet_description\">Chaque pi\u00e8ce de 'Fa\u00e7on Audrey' est le fruit d'un savoir-faire artisanal hors pair. De la s\u00e9lection minutieuse des mat\u00e9riaux \u00e0 la finition parfaite, notre artisanat allie technique traditionnelle et innovation, garantissant des cr\u00e9ations d'exception.<\/p>\n<\/div>\n \n            <\/div>\n            \n            <div class=\"uc_clean_bullets_figure\">\n                <img decoding=\"async\" src=\"https:\/\/i0.wp.com\/faconaudrey.fr\/wp-content\/uploads\/2024\/02\/418571416_913184543770291_417081033803580955_n.webp?fit=960%2C960&amp;#038;ssl=1\" alt=\"\">\n            <\/div>\n          \t<div class=\"uc_clean_bullets_column uc_last_child\">\n              \t<div class=\"uc_content\">\t\n  <h3> \n    <span class=\"two_column_bullet_title\">Passion et cr\u00e9ativit\u00e9<\/span>\n    <div class=\"line\"><\/div>\n    <em><small><\/small><\/em>\t\n  <\/h3>\n  <p class=\"two_column_bullet_description\">Derri\u00e8re chaque cr\u00e9ation 'Fa\u00e7on Audrey' se trouve une passion in\u00e9branlable pour l'art de la bijouterie et de la maroquinerie. C'est cette passion qui nourrit notre cr\u00e9ativit\u00e9 et qui nous pousse \u00e0 concevoir des pi\u00e8ces uniques, empreintes d'\u00e9motion et d'histoire<\/p>\n<\/div>\n\n          \t<\/div>\n        <\/div>\n    <\/div>\n<!-- end Product Highlights -->\t\t\t\t<\/div>\n\t\t\t\t<\/div>\n\t\t\t\t\t<\/div>\n\t\t\t\t<\/div>\n\t\t<div class=\"elementor-element elementor-element-b0a817f e-flex e-con-boxed e-con e-parent\" data-id=\"b0a817f\" data-element_type=\"container\" data-e-type=\"container\">\n\t\t\t\t\t<div class=\"e-con-inner\">\n\t\t\t\t<div class=\"elementor-element elementor-element-bea99d9 elementor-widget elementor-widget-ucaddon_logo_marquee\" data-id=\"bea99d9\" data-element_type=\"widget\" data-e-type=\"widget\" data-widget_type=\"ucaddon_logo_marquee.default\">\n\t\t\t\t<div class=\"elementor-widget-container\">\n\t\t\t\t\t\n<!-- start Logo Marquee -->\n\n<style>\/* widget: Logo Marquee *\/\n\n#uc_logo_marquee_elementor_bea99d9{\n  min-height:1px;\n  text-align: center;\n  position:relative;\n}\n\n#uc_logo_marquee_elementor_bea99d9 *{\n  box-sizing:border-box;\n}\n#uc_logo_marquee_elementor_bea99d9 .uc_marquee {\n\tdisplay: flex;\n\talign-items: center;\n\toverflow: hidden;\n    position: relative;\n}\n#uc_logo_marquee_elementor_bea99d9 .uc_marquee > div {\n    position:relative;\n\tdisplay: inline-flex;\n\talign-items: center;\n\tflex: 0 0 auto;\n\twidth: auto;\n\toverflow: hidden;\n  \t\t\tanimation-name: marquee-to-left;\n    \tanimation-timing-function: linear;\n\tanimation-iteration-count: infinite;\n    }\n#uc_logo_marquee_elementor_bea99d9 img{\n\n  \theight: 100%;\n  \tobject-fit: contain;\n}\n\n#uc_logo_marquee_elementor_bea99d9 .ue_marquee_title\n{\n  position:absolute;\n  bottom:0px;\n  width:100%;\n}\n\n#uc_logo_marquee_elementor_bea99d9 .uc_logo_marquee_holder{\n\tposition:relative;\n    text-align:center;\n    overflow:hidden;\n}\n\n\n#uc_logo_marquee_elementor_bea99d9 .uc_logo_marquee_holder a{\n  height:100%;\n  width: 100%;\n  display:flex;\n  align-items: center;\n  justify-content:center;\n}\n\n\n\t@keyframes marquee-to-left {\n\tfrom {transform: translate(0,0)}\n\tto {transform: translate(-50%,0)}\n}\n\t\n\n\n\n\n\n#uc_logo_marquee_elementor_bea99d9 .ue-item-badge\n{\n  position:absolute;\n  right:10px;\n  top:10px;\n}\n\n<\/style>\n\n<div class=\"uc_logo_marquee \" id=\"uc_logo_marquee_elementor_bea99d9\" style=\"direction:ltr;\" >\n   <div class=\"uc_marquee uc-items-wrapper\" data-height=\"200px\" data-speed=\"0\" data-mobile-items=\"1\" data-tablet-items=\"2\" data-desktop-items=\"3\" data-margin=\"20\" data-paused=\"true\" data-direction=\"left\">\n   \t\t<div class=\"uc_logo_marquee_holder elementor-repeater-item-d88d526\">\n\t        <img decoding=\"async\" src=\"https:\/\/i0.wp.com\/faconaudrey.fr\/wp-content\/uploads\/2024\/01\/Paiement-securisePaiement.png?resize=150%2C150&amp;ssl=1\" alt=\"Item 6\" class=\"ue_img_marquee\">\n      \t\n        \n      \t\n      <\/div>\n<div class=\"uc_logo_marquee_holder elementor-repeater-item-401d370\">\n\t        <img decoding=\"async\" src=\"https:\/\/i0.wp.com\/faconaudrey.fr\/wp-content\/uploads\/2024\/01\/Livraison-soigne-et-rapide.png?resize=150%2C150&amp;ssl=1\" alt=\"Default Title\" class=\"ue_img_marquee\">\n      \t\n        \n      \t\n      <\/div>\n<div class=\"uc_logo_marquee_holder elementor-repeater-item-0edb0eb\">\n\t        <img decoding=\"async\" src=\"https:\/\/i0.wp.com\/faconaudrey.fr\/wp-content\/uploads\/2024\/01\/Artisanat-francais.png?resize=150%2C150&amp;ssl=1\" alt=\"Default Title\" class=\"ue_img_marquee\">\n      \t\n        \n      \t\n      <\/div>\n\n   <\/div>\t\n<\/div>\n<!-- end Logo Marquee -->\t\t\t\t<\/div>\n\t\t\t\t<\/div>\n\t\t\t\t\t<\/div>\n\t\t\t\t<\/div>\n\t\t\t\t<\/div>\n\t\t","protected":false},"excerpt":{"rendered":"<p>Code promo! Profitez d&rsquo;une remise de 10% sur votre 1\u00e8re commande avec le code \u00ab\u00a0Bienvenue\u00a0\u00bb \/\/ Livraison gratuite d\u00e8s 30 [&hellip;]<\/p>\n","protected":false},"author":1,"featured_media":38,"parent":0,"menu_order":0,"comment_status":"closed","ping_status":"closed","template":"","meta":{"site-sidebar-layout":"no-sidebar","site-content-layout":"","ast-site-content-layout":"full-width-container","site-content-style":"default","site-sidebar-style":"default","ast-global-header-display":"","ast-banner-title-visibility":"","ast-main-header-display":"","ast-hfb-above-header-display":"","ast-hfb-below-header-display":"","ast-hfb-mobile-header-display":"","site-post-title":"disabled","ast-breadcrumbs-content":"","ast-featured-img":"disabled","footer-sml-layout":"","ast-disable-related-posts":"","theme-transparent-header-meta":"","adv-header-id-meta":"","stick-header-meta":"","header-above-stick-meta":"","header-main-stick-meta":"","header-below-stick-meta":"","astra-migrate-meta-layouts":"default","ast-page-background-enabled":"default","ast-page-background-meta":{"desktop":{"background-color":"var(--ast-global-color-4)","background-image":"","background-repeat":"repeat","background-position":"center center","background-size":"auto","background-attachment":"scroll","background-type":"","background-media":"","overlay-type":"","overlay-color":"","overlay-opacity":"","overlay-gradient":""},"tablet":{"background-color":"","background-image":"","background-repeat":"repeat","background-position":"center center","background-size":"auto","background-attachment":"scroll","background-type":"","background-media":"","overlay-type":"","overlay-color":"","overlay-opacity":"","overlay-gradient":""},"mobile":{"background-color":"","background-image":"","background-repeat":"repeat","background-position":"center center","background-size":"auto","background-attachment":"scroll","background-type":"","background-media":"","overlay-type":"","overlay-color":"","overlay-opacity":"","overlay-gradient":""}},"ast-content-background-meta":{"desktop":{"background-color":"var(--ast-global-color-5)","background-image":"","background-repeat":"repeat","background-position":"center center","background-size":"auto","background-attachment":"scroll","background-type":"","background-media":"","overlay-type":"","overlay-color":"","overlay-opacity":"","overlay-gradient":""},"tablet":{"background-color":"var(--ast-global-color-5)","background-image":"","background-repeat":"repeat","background-position":"center center","background-size":"auto","background-attachment":"scroll","background-type":"","background-media":"","overlay-type":"","overlay-color":"","overlay-opacity":"","overlay-gradient":""},"mobile":{"background-color":"var(--ast-global-color-5)","background-image":"","background-repeat":"repeat","background-position":"center center","background-size":"auto","background-attachment":"scroll","background-type":"","background-media":"","overlay-type":"","overlay-color":"","overlay-opacity":"","overlay-gradient":""}},"footnotes":""},"class_list":["post-561","page","type-page","status-publish","has-post-thumbnail","hentry"],"jetpack-related-posts":[],"jetpack_sharing_enabled":true,"_links":{"self":[{"href":"https:\/\/faconaudrey.fr\/index.php?rest_route=\/wp\/v2\/pages\/561","targetHints":{"allow":["GET"]}}],"collection":[{"href":"https:\/\/faconaudrey.fr\/index.php?rest_route=\/wp\/v2\/pages"}],"about":[{"href":"https:\/\/faconaudrey.fr\/index.php?rest_route=\/wp\/v2\/types\/page"}],"author":[{"embeddable":true,"href":"https:\/\/faconaudrey.fr\/index.php?rest_route=\/wp\/v2\/users\/1"}],"replies":[{"embeddable":true,"href":"https:\/\/faconaudrey.fr\/index.php?rest_route=%2Fwp%2Fv2%2Fcomments&post=561"}],"version-history":[{"count":157,"href":"https:\/\/faconaudrey.fr\/index.php?rest_route=\/wp\/v2\/pages\/561\/revisions"}],"predecessor-version":[{"id":3821,"href":"https:\/\/faconaudrey.fr\/index.php?rest_route=\/wp\/v2\/pages\/561\/revisions\/3821"}],"wp:featuredmedia":[{"embeddable":true,"href":"https:\/\/faconaudrey.fr\/index.php?rest_route=\/wp\/v2\/media\/38"}],"wp:attachment":[{"href":"https:\/\/faconaudrey.fr\/index.php?rest_route=%2Fwp%2Fv2%2Fmedia&parent=561"}],"curies":[{"name":"wp","href":"https:\/\/api.w.org\/{rel}","templated":true}]}}