{"id":112,"date":"2024-01-25T22:12:38","date_gmt":"2024-01-25T21:12:38","guid":{"rendered":"https:\/\/xn--faonaudrey-p6a.com\/?product=boucles-oksana"},"modified":"2025-12-07T17:39:59","modified_gmt":"2025-12-07T16:39:59","slug":"boucles-oksana","status":"publish","type":"product","link":"https:\/\/faconaudrey.fr\/?product=boucles-oksana","title":{"rendered":"Boucles Oksana"},"content":{"rendered":"<p>\u00ab\u00a0D\u00e9couvrez l&rsquo;\u00e9clat subtil de nos Clous d&rsquo;oreilles, confectionn\u00e9s \u00e0 la main en France \ud83c\uddeb\ud83c\uddf7. Chaque paire est une c\u00e9l\u00e9bration de l&rsquo;\u00e9l\u00e9gance contemporaine , offrant un style raffin\u00e9 et intemporel. Parfaits pour le quotidien ou un \u00e9v\u00e9nement sp\u00e9cial, ils ajoutent une touche de sophistication \u00e0 toute tenue sans effort. Investissez dans un bijou intemporel, investissez dans l\u2019univers de l&rsquo;artisanat fran\u00e7ais avec &lsquo;Fa\u00e7on Audrey&rsquo;. \ud83d\udc8e\u00a0\u00bb<\/p>\n","protected":false},"excerpt":{"rendered":"<p>Clou en acier inoxydable<\/p>\n<p>&nbsp;<\/p>\n<p>\u2728 Artisanat Fran\u00e7ais \ud83c\uddeb\ud83c\uddf7 &#8211; Un savoir-faire unique dans chaque cr\u00e9ation, m\u00ealant tradition et innovation.\ud83c\udf1fQualit\u00e9 Premium\ud83d\udd70\ufe0f &#8211; Des mat\u00e9riaux choisis pour leur excellence, garantissant \u00e9l\u00e9gance et durabilit\u00e9.\ud83d\udc8eDesign \u00c9l\u00e9gant \ud83c\udf08- Chaque pi\u00e8ce est une \u0153uvre d&rsquo;art, con\u00e7ue pour embellir votre quotidien\ud83d\ude9aLivraison Gratuite\ud83d\udce6 &#8211; Profitez de la livraison offerte pour toute commande sup\u00e9rieure \u00e0 30\u20ac, ajoutant encore plus de valeur \u00e0 votre exp\u00e9rience &lsquo;Fa\u00e7on Audrey&rsquo;.<\/p>\n","protected":false},"featured_media":2884,"template":"","meta":{"site-sidebar-layout":"default","site-content-layout":"","ast-site-content-layout":"default","site-content-style":"default","site-sidebar-style":"default","ast-global-header-display":"","ast-banner-title-visibility":"","ast-main-header-display":"","ast-hfb-above-header-display":"","ast-hfb-below-header-display":"","ast-hfb-mobile-header-display":"","site-post-title":"","ast-breadcrumbs-content":"","ast-featured-img":"","footer-sml-layout":"","ast-disable-related-posts":"","theme-transparent-header-meta":"default","adv-header-id-meta":"","stick-header-meta":"","header-above-stick-meta":"","header-main-stick-meta":"","header-below-stick-meta":"","astra-migrate-meta-layouts":"set","ast-page-background-enabled":"default","ast-page-background-meta":{"desktop":{"background-color":"var(--ast-global-color-4)","background-image":"","background-repeat":"repeat","background-position":"center center","background-size":"auto","background-attachment":"scroll","background-type":"","background-media":"","overlay-type":"","overlay-color":"","overlay-opacity":"","overlay-gradient":""},"tablet":{"background-color":"","background-image":"","background-repeat":"repeat","background-position":"center center","background-size":"auto","background-attachment":"scroll","background-type":"","background-media":"","overlay-type":"","overlay-color":"","overlay-opacity":"","overlay-gradient":""},"mobile":{"background-color":"","background-image":"","background-repeat":"repeat","background-position":"center center","background-size":"auto","background-attachment":"scroll","background-type":"","background-media":"","overlay-type":"","overlay-color":"","overlay-opacity":"","overlay-gradient":""}},"ast-content-background-meta":{"desktop":{"background-color":"var(--ast-global-color-5)","background-image":"","background-repeat":"repeat","background-position":"center center","background-size":"auto","background-attachment":"scroll","background-type":"","background-media":"","overlay-type":"","overlay-color":"","overlay-opacity":"","overlay-gradient":""},"tablet":{"background-color":"var(--ast-global-color-5)","background-image":"","background-repeat":"repeat","background-position":"center center","background-size":"auto","background-attachment":"scroll","background-type":"","background-media":"","overlay-type":"","overlay-color":"","overlay-opacity":"","overlay-gradient":""},"mobile":{"background-color":"var(--ast-global-color-5)","background-image":"","background-repeat":"repeat","background-position":"center center","background-size":"auto","background-attachment":"scroll","background-type":"","background-media":"","overlay-type":"","overlay-color":"","overlay-opacity":"","overlay-gradient":""}}},"product_brand":[],"product_cat":[19,25,15,17],"product_tag":[],"class_list":{"0":"post-112","1":"product","2":"type-product","3":"status-publish","4":"has-post-thumbnail","6":"product_cat-boucles-doreilles","7":"product_cat-clous","8":"product_cat-non-classe","9":"product_cat-toutes-les-creations","10":"desktop-align-left","11":"tablet-align-left","12":"mobile-align-left","14":"first","15":"outofstock","16":"shipping-taxable","17":"purchasable","18":"product-type-simple"},"jetpack-related-posts":[],"jetpack_sharing_enabled":true,"_links":{"self":[{"href":"https:\/\/faconaudrey.fr\/index.php?rest_route=\/wp\/v2\/product\/112","targetHints":{"allow":["GET"]}}],"collection":[{"href":"https:\/\/faconaudrey.fr\/index.php?rest_route=\/wp\/v2\/product"}],"about":[{"href":"https:\/\/faconaudrey.fr\/index.php?rest_route=\/wp\/v2\/types\/product"}],"wp:featuredmedia":[{"embeddable":true,"href":"https:\/\/faconaudrey.fr\/index.php?rest_route=\/wp\/v2\/media\/2884"}],"wp:attachment":[{"href":"https:\/\/faconaudrey.fr\/index.php?rest_route=%2Fwp%2Fv2%2Fmedia&parent=112"}],"wp:term":[{"taxonomy":"product_brand","embeddable":true,"href":"https:\/\/faconaudrey.fr\/index.php?rest_route=%2Fwp%2Fv2%2Fproduct_brand&post=112"},{"taxonomy":"product_cat","embeddable":true,"href":"https:\/\/faconaudrey.fr\/index.php?rest_route=%2Fwp%2Fv2%2Fproduct_cat&post=112"},{"taxonomy":"product_tag","embeddable":true,"href":"https:\/\/faconaudrey.fr\/index.php?rest_route=%2Fwp%2Fv2%2Fproduct_tag&post=112"}],"curies":[{"name":"wp","href":"https:\/\/api.w.org\/{rel}","templated":true}]}}