{"id":281,"date":"2024-01-26T18:01:52","date_gmt":"2024-01-26T17:01:52","guid":{"rendered":"https:\/\/xn--faonaudrey-p6a.com\/?product=boucles-amelia"},"modified":"2026-04-02T16:20:18","modified_gmt":"2026-04-02T14:20:18","slug":"boucles-amelia","status":"publish","type":"product","link":"https:\/\/faconaudrey.fr\/?product=boucles-amelia","title":{"rendered":"Boucles Am\u00e9lia"},"content":{"rendered":"<p>\u00ab\u00a0R\u00e9inventez votre style avec nos Boucles d&rsquo;oreilles Cr\u00e9ole et Demi-Cr\u00e9ole, un t\u00e9moignage de l&rsquo;\u00e9l\u00e9gance intemporelle et du caract\u00e8re audacieux de l&rsquo;artisanat fran\u00e7ais \ud83c\uddeb\ud83c\uddf7. Chaque paire est m\u00e9ticuleusement fabriqu\u00e9e \u00e0 la main, mettant en avant des mat\u00e9riaux de premi\u00e8re qualit\u00e9. Parfaites pour marquer les esprits ou rehausser votre look quotidien, ces boucles d&rsquo;oreilles sont une c\u00e9l\u00e9bration de l&rsquo;individualit\u00e9 et de la sophistication. Laissez une impression durable et embrassez l&rsquo;art de l&rsquo;\u00e9l\u00e9gance fran\u00e7aise avec &lsquo;Fa\u00e7on Audrey&rsquo;. \ud83d\udcab\u00a0\u00bb<\/p>\n","protected":false},"excerpt":{"rendered":"<p>Acier inoxydable \/pampille jaune en cuivre<\/p>\n<p>&nbsp;<\/p>\n<p>\u2728 Artisanat Fran\u00e7ais \ud83c\uddeb\ud83c\uddf7 &#8211; Un savoir-faire unique dans chaque cr\u00e9ation, m\u00ealant tradition et innovation.\ud83c\udf1fQualit\u00e9 Premium\ud83d\udd70\ufe0f &#8211; Des mat\u00e9riaux choisis pour leur excellence, garantissant \u00e9l\u00e9gance et durabilit\u00e9.\ud83d\udc8eDesign \u00c9l\u00e9gant \ud83c\udf08- Chaque pi\u00e8ce est une \u0153uvre d&rsquo;art, con\u00e7ue pour embellir votre quotidien\ud83d\ude9aLivraison Gratuite\ud83d\udce6 &#8211; Profitez de la livraison offerte pour toute commande sup\u00e9rieure \u00e0 30\u20ac, ajoutant encore plus de valeur \u00e0 votre exp\u00e9rience &lsquo;Fa\u00e7on Audrey&rsquo;.<\/p>\n","protected":false},"featured_media":270,"template":"","meta":{"site-sidebar-layout":"default","site-content-layout":"","ast-site-content-layout":"default","site-content-style":"default","site-sidebar-style":"default","ast-global-header-display":"","ast-banner-title-visibility":"","ast-main-header-display":"","ast-hfb-above-header-display":"","ast-hfb-below-header-display":"","ast-hfb-mobile-header-display":"","site-post-title":"","ast-breadcrumbs-content":"","ast-featured-img":"","footer-sml-layout":"","ast-disable-related-posts":"","theme-transparent-header-meta":"default","adv-header-id-meta":"","stick-header-meta":"","header-above-stick-meta":"","header-main-stick-meta":"","header-below-stick-meta":"","astra-migrate-meta-layouts":"set","ast-page-background-enabled":"default","ast-page-background-meta":{"desktop":{"background-color":"var(--ast-global-color-4)","background-image":"","background-repeat":"repeat","background-position":"center center","background-size":"auto","background-attachment":"scroll","background-type":"","background-media":"","overlay-type":"","overlay-color":"","overlay-opacity":"","overlay-gradient":""},"tablet":{"background-color":"","background-image":"","background-repeat":"repeat","background-position":"center center","background-size":"auto","background-attachment":"scroll","background-type":"","background-media":"","overlay-type":"","overlay-color":"","overlay-opacity":"","overlay-gradient":""},"mobile":{"background-color":"","background-image":"","background-repeat":"repeat","background-position":"center center","background-size":"auto","background-attachment":"scroll","background-type":"","background-media":"","overlay-type":"","overlay-color":"","overlay-opacity":"","overlay-gradient":""}},"ast-content-background-meta":{"desktop":{"background-color":"var(--ast-global-color-5)","background-image":"","background-repeat":"repeat","background-position":"center center","background-size":"auto","background-attachment":"scroll","background-type":"","background-media":"","overlay-type":"","overlay-color":"","overlay-opacity":"","overlay-gradient":""},"tablet":{"background-color":"var(--ast-global-color-5)","background-image":"","background-repeat":"repeat","background-position":"center center","background-size":"auto","background-attachment":"scroll","background-type":"","background-media":"","overlay-type":"","overlay-color":"","overlay-opacity":"","overlay-gradient":""},"mobile":{"background-color":"var(--ast-global-color-5)","background-image":"","background-repeat":"repeat","background-position":"center center","background-size":"auto","background-attachment":"scroll","background-type":"","background-media":"","overlay-type":"","overlay-color":"","overlay-opacity":"","overlay-gradient":""}}},"product_brand":[],"product_cat":[65,17],"product_tag":[],"class_list":{"0":"post-281","1":"product","2":"type-product","3":"status-publish","4":"has-post-thumbnail","6":"product_cat-petits-prix","7":"product_cat-toutes-les-creations","8":"desktop-align-left","9":"tablet-align-left","10":"mobile-align-left","12":"first","13":"instock","14":"sale","15":"shipping-taxable","16":"purchasable","17":"product-type-simple"},"jetpack-related-posts":[],"jetpack_sharing_enabled":true,"_links":{"self":[{"href":"https:\/\/faconaudrey.fr\/index.php?rest_route=\/wp\/v2\/product\/281","targetHints":{"allow":["GET"]}}],"collection":[{"href":"https:\/\/faconaudrey.fr\/index.php?rest_route=\/wp\/v2\/product"}],"about":[{"href":"https:\/\/faconaudrey.fr\/index.php?rest_route=\/wp\/v2\/types\/product"}],"wp:featuredmedia":[{"embeddable":true,"href":"https:\/\/faconaudrey.fr\/index.php?rest_route=\/wp\/v2\/media\/270"}],"wp:attachment":[{"href":"https:\/\/faconaudrey.fr\/index.php?rest_route=%2Fwp%2Fv2%2Fmedia&parent=281"}],"wp:term":[{"taxonomy":"product_brand","embeddable":true,"href":"https:\/\/faconaudrey.fr\/index.php?rest_route=%2Fwp%2Fv2%2Fproduct_brand&post=281"},{"taxonomy":"product_cat","embeddable":true,"href":"https:\/\/faconaudrey.fr\/index.php?rest_route=%2Fwp%2Fv2%2Fproduct_cat&post=281"},{"taxonomy":"product_tag","embeddable":true,"href":"https:\/\/faconaudrey.fr\/index.php?rest_route=%2Fwp%2Fv2%2Fproduct_tag&post=281"}],"curies":[{"name":"wp","href":"https:\/\/api.w.org\/{rel}","templated":true}]}}