{"id":3418,"date":"2025-12-04T16:31:45","date_gmt":"2025-12-04T15:31:45","guid":{"rendered":"https:\/\/faconaudrey.fr\/?post_type=product&#038;p=3418"},"modified":"2025-12-07T14:46:29","modified_gmt":"2025-12-07T13:46:29","slug":"collier-solene","status":"publish","type":"product","link":"https:\/\/faconaudrey.fr\/?product=collier-solene","title":{"rendered":"Collier Sol\u00e8ne"},"content":{"rendered":"<p>\u00ab\u00a0Chaque Collier de &lsquo;Fa\u00e7on Audrey&rsquo; est un v\u00e9ritable \u00e9cho de l&rsquo;\u00e9l\u00e9gance et de la cr\u00e9ativit\u00e9 fran\u00e7aise \ud83c\uddeb\ud83c\uddf7. Con\u00e7us avec un souci du d\u00e9tail in\u00e9gal\u00e9, nos colliers sont le reflet d&rsquo;une harmonie parfaite entre le style contemporain et le charme classique. Que vous cherchiez un bijou d\u00e9licat pour accentuer votre tenue de tous les jours ou une pi\u00e8ce audacieuse pour faire une d\u00e9claration lors des grandes occasions, nos colliers sont l\u00e0 pour porter votre style \u00e0 un niveau sup\u00e9rieur. Laissez-vous s\u00e9duire par la finesse et le raffinement de chaque cr\u00e9ation, et faites de &lsquo;Fa\u00e7on Audrey&rsquo; votre signature quotidienne. \ud83c\udf1f\u00a0\u00bb<\/p>\n","protected":false},"excerpt":{"rendered":"<p>acier inoxydable, chaine 45 cm r\u00e9glable<br \/>\n&nbsp;<\/p>\n<p>\u2728 Artisanat Fran\u00e7ais \ud83c\uddeb\ud83c\uddf7 &#8211; Un savoir-faire unique dans chaque cr\u00e9ation, m\u00ealant tradition et innovation.\ud83c\udf1fQualit\u00e9 Premium\ud83d\udd70\ufe0f &#8211; Des mat\u00e9riaux choisis pour leur excellence, garantissant \u00e9l\u00e9gance et durabilit\u00e9.\ud83d\udc8e Design \u00c9l\u00e9gant \ud83c\udf08 &#8211; Chaque pi\u00e8ce est une \u0153uvre d&rsquo;art, con\u00e7ue pour embellir votre quotidien\ud83d\ude9aLivraison Gratuite\ud83d\udce6 &#8211; Profitez de la livraison offerte pour toute commande sup\u00e9rieure \u00e0 30\u20ac, ajoutant encore plus de valeur \u00e0 votre exp\u00e9rience &lsquo;Fa\u00e7on Audrey&rsquo;.<\/p>\n","protected":false},"featured_media":3419,"template":"","meta":{"site-sidebar-layout":"default","site-content-layout":"","ast-site-content-layout":"default","site-content-style":"default","site-sidebar-style":"default","ast-global-header-display":"","ast-banner-title-visibility":"","ast-main-header-display":"","ast-hfb-above-header-display":"","ast-hfb-below-header-display":"","ast-hfb-mobile-header-display":"","site-post-title":"","ast-breadcrumbs-content":"","ast-featured-img":"","footer-sml-layout":"","ast-disable-related-posts":"","theme-transparent-header-meta":"default","adv-header-id-meta":"","stick-header-meta":"","header-above-stick-meta":"","header-main-stick-meta":"","header-below-stick-meta":"","astra-migrate-meta-layouts":"set","ast-page-background-enabled":"default","ast-page-background-meta":{"desktop":{"background-color":"var(--ast-global-color-4)","background-image":"","background-repeat":"repeat","background-position":"center center","background-size":"auto","background-attachment":"scroll","background-type":"","background-media":"","overlay-type":"","overlay-color":"","overlay-opacity":"","overlay-gradient":""},"tablet":{"background-color":"","background-image":"","background-repeat":"repeat","background-position":"center center","background-size":"auto","background-attachment":"scroll","background-type":"","background-media":"","overlay-type":"","overlay-color":"","overlay-opacity":"","overlay-gradient":""},"mobile":{"background-color":"","background-image":"","background-repeat":"repeat","background-position":"center center","background-size":"auto","background-attachment":"scroll","background-type":"","background-media":"","overlay-type":"","overlay-color":"","overlay-opacity":"","overlay-gradient":""}},"ast-content-background-meta":{"desktop":{"background-color":"var(--ast-global-color-5)","background-image":"","background-repeat":"repeat","background-position":"center center","background-size":"auto","background-attachment":"scroll","background-type":"","background-media":"","overlay-type":"","overlay-color":"","overlay-opacity":"","overlay-gradient":""},"tablet":{"background-color":"var(--ast-global-color-5)","background-image":"","background-repeat":"repeat","background-position":"center center","background-size":"auto","background-attachment":"scroll","background-type":"","background-media":"","overlay-type":"","overlay-color":"","overlay-opacity":"","overlay-gradient":""},"mobile":{"background-color":"var(--ast-global-color-5)","background-image":"","background-repeat":"repeat","background-position":"center center","background-size":"auto","background-attachment":"scroll","background-type":"","background-media":"","overlay-type":"","overlay-color":"","overlay-opacity":"","overlay-gradient":""}}},"product_brand":[],"product_cat":[18,17],"product_tag":[],"class_list":{"0":"post-3418","1":"product","2":"type-product","3":"status-publish","4":"has-post-thumbnail","6":"product_cat-collier","7":"product_cat-toutes-les-creations","8":"desktop-align-left","9":"tablet-align-left","10":"mobile-align-left","12":"first","13":"outofstock","14":"shipping-taxable","15":"purchasable","16":"product-type-simple"},"jetpack-related-posts":[],"jetpack_sharing_enabled":true,"_links":{"self":[{"href":"https:\/\/faconaudrey.fr\/index.php?rest_route=\/wp\/v2\/product\/3418","targetHints":{"allow":["GET"]}}],"collection":[{"href":"https:\/\/faconaudrey.fr\/index.php?rest_route=\/wp\/v2\/product"}],"about":[{"href":"https:\/\/faconaudrey.fr\/index.php?rest_route=\/wp\/v2\/types\/product"}],"wp:featuredmedia":[{"embeddable":true,"href":"https:\/\/faconaudrey.fr\/index.php?rest_route=\/wp\/v2\/media\/3419"}],"wp:attachment":[{"href":"https:\/\/faconaudrey.fr\/index.php?rest_route=%2Fwp%2Fv2%2Fmedia&parent=3418"}],"wp:term":[{"taxonomy":"product_brand","embeddable":true,"href":"https:\/\/faconaudrey.fr\/index.php?rest_route=%2Fwp%2Fv2%2Fproduct_brand&post=3418"},{"taxonomy":"product_cat","embeddable":true,"href":"https:\/\/faconaudrey.fr\/index.php?rest_route=%2Fwp%2Fv2%2Fproduct_cat&post=3418"},{"taxonomy":"product_tag","embeddable":true,"href":"https:\/\/faconaudrey.fr\/index.php?rest_route=%2Fwp%2Fv2%2Fproduct_tag&post=3418"}],"curies":[{"name":"wp","href":"https:\/\/api.w.org\/{rel}","templated":true}]}}