{"id":3709,"date":"2026-01-20T10:41:22","date_gmt":"2026-01-20T09:41:22","guid":{"rendered":"https:\/\/faconaudrey.fr\/?post_type=product&#038;p=3709"},"modified":"2026-01-20T10:44:40","modified_gmt":"2026-01-20T09:44:40","slug":"boucles-esmee","status":"publish","type":"product","link":"https:\/\/faconaudrey.fr\/?product=boucles-esmee","title":{"rendered":"Boucles Esm\u00e9e"},"content":{"rendered":"<p>\u00ab\u00a0Nos Boucles d&rsquo;oreilles \u00e0 Crochet incarnent la fluidit\u00e9 et l&rsquo;\u00e9l\u00e9gance. Chaque pi\u00e8ce, fabriqu\u00e9e \u00e0 la main en France \ud83c\uddeb\ud83c\uddf7, est une \u0153uvre d&rsquo;art \u00e0 part enti\u00e8re. Les designs captivants, allant du classique au contemporain, sont con\u00e7us pour complimenter et illuminer votre visage. L\u00e9gers et confortables, ils sont parfaits pour une utilisation quotidienne ou pour donner une touche finale \u00e0 votre tenue de soir\u00e9e. Embrassez la beaut\u00e9 et la finesse avec nos boucles d&rsquo;oreilles \u00e0 crochet, o\u00f9 chaque d\u00e9tail compte. \ud83c\udf1f\u00a0\u00bb<\/p>\n","protected":false},"excerpt":{"rendered":"<p>crochet acier inoxydable \/ c\u0153ur acier inoxydable et r\u00e9sine<br \/>\n\u2728 Artisanat Fran\u00e7ais \ud83c\uddeb\ud83c\uddf7 &#8211; Un savoir-faire unique dans chaque cr\u00e9ation, m\u00ealant tradition et innovation.\ud83c\udf1fQualit\u00e9 Premium\ud83d\udd70\ufe0f &#8211; Des mat\u00e9riaux choisis pour leur excellence, garantissant \u00e9l\u00e9gance et durabilit\u00e9.\ud83d\udc8eDesign \u00c9l\u00e9gant \ud83c\udf08- Chaque pi\u00e8ce est une \u0153uvre d&rsquo;art, con\u00e7ue pour embellir votre quotidien\ud83d\ude9aLivraison Gratuite\ud83d\udce6 &#8211; Profitez de la livraison offerte pour toute commande sup\u00e9rieure \u00e0 30\u20ac, ajoutant encore plus de valeur \u00e0 votre exp\u00e9rience &lsquo;Fa\u00e7on Audrey&rsquo;.<\/p>\n","protected":false},"featured_media":3710,"template":"","meta":{"site-sidebar-layout":"default","site-content-layout":"","ast-site-content-layout":"default","site-content-style":"default","site-sidebar-style":"default","ast-global-header-display":"","ast-banner-title-visibility":"","ast-main-header-display":"","ast-hfb-above-header-display":"","ast-hfb-below-header-display":"","ast-hfb-mobile-header-display":"","site-post-title":"","ast-breadcrumbs-content":"","ast-featured-img":"","footer-sml-layout":"","ast-disable-related-posts":"","theme-transparent-header-meta":"default","adv-header-id-meta":"","stick-header-meta":"","header-above-stick-meta":"","header-main-stick-meta":"","header-below-stick-meta":"","astra-migrate-meta-layouts":"set","ast-page-background-enabled":"default","ast-page-background-meta":{"desktop":{"background-color":"var(--ast-global-color-4)","background-image":"","background-repeat":"repeat","background-position":"center center","background-size":"auto","background-attachment":"scroll","background-type":"","background-media":"","overlay-type":"","overlay-color":"","overlay-opacity":"","overlay-gradient":""},"tablet":{"background-color":"","background-image":"","background-repeat":"repeat","background-position":"center center","background-size":"auto","background-attachment":"scroll","background-type":"","background-media":"","overlay-type":"","overlay-color":"","overlay-opacity":"","overlay-gradient":""},"mobile":{"background-color":"","background-image":"","background-repeat":"repeat","background-position":"center center","background-size":"auto","background-attachment":"scroll","background-type":"","background-media":"","overlay-type":"","overlay-color":"","overlay-opacity":"","overlay-gradient":""}},"ast-content-background-meta":{"desktop":{"background-color":"var(--ast-global-color-5)","background-image":"","background-repeat":"repeat","background-position":"center center","background-size":"auto","background-attachment":"scroll","background-type":"","background-media":"","overlay-type":"","overlay-color":"","overlay-opacity":"","overlay-gradient":""},"tablet":{"background-color":"var(--ast-global-color-5)","background-image":"","background-repeat":"repeat","background-position":"center center","background-size":"auto","background-attachment":"scroll","background-type":"","background-media":"","overlay-type":"","overlay-color":"","overlay-opacity":"","overlay-gradient":""},"mobile":{"background-color":"var(--ast-global-color-5)","background-image":"","background-repeat":"repeat","background-position":"center center","background-size":"auto","background-attachment":"scroll","background-type":"","background-media":"","overlay-type":"","overlay-color":"","overlay-opacity":"","overlay-gradient":""}}},"product_brand":[],"product_cat":[19,26,17],"product_tag":[],"class_list":{"0":"post-3709","1":"product","2":"type-product","3":"status-publish","4":"has-post-thumbnail","6":"product_cat-boucles-doreilles","7":"product_cat-crochet","8":"product_cat-toutes-les-creations","9":"desktop-align-left","10":"tablet-align-left","11":"mobile-align-left","13":"first","14":"instock","15":"shipping-taxable","16":"purchasable","17":"product-type-simple"},"jetpack-related-posts":[],"jetpack_sharing_enabled":true,"_links":{"self":[{"href":"https:\/\/faconaudrey.fr\/index.php?rest_route=\/wp\/v2\/product\/3709","targetHints":{"allow":["GET"]}}],"collection":[{"href":"https:\/\/faconaudrey.fr\/index.php?rest_route=\/wp\/v2\/product"}],"about":[{"href":"https:\/\/faconaudrey.fr\/index.php?rest_route=\/wp\/v2\/types\/product"}],"wp:featuredmedia":[{"embeddable":true,"href":"https:\/\/faconaudrey.fr\/index.php?rest_route=\/wp\/v2\/media\/3710"}],"wp:attachment":[{"href":"https:\/\/faconaudrey.fr\/index.php?rest_route=%2Fwp%2Fv2%2Fmedia&parent=3709"}],"wp:term":[{"taxonomy":"product_brand","embeddable":true,"href":"https:\/\/faconaudrey.fr\/index.php?rest_route=%2Fwp%2Fv2%2Fproduct_brand&post=3709"},{"taxonomy":"product_cat","embeddable":true,"href":"https:\/\/faconaudrey.fr\/index.php?rest_route=%2Fwp%2Fv2%2Fproduct_cat&post=3709"},{"taxonomy":"product_tag","embeddable":true,"href":"https:\/\/faconaudrey.fr\/index.php?rest_route=%2Fwp%2Fv2%2Fproduct_tag&post=3709"}],"curies":[{"name":"wp","href":"https:\/\/api.w.org\/{rel}","templated":true}]}}