{"id":537,"date":"2024-01-26T21:44:53","date_gmt":"2024-01-26T20:44:53","guid":{"rendered":"https:\/\/xn--faonaudrey-p6a.com\/?product=portefeuille-en-cuir-marron"},"modified":"2026-04-01T15:39:30","modified_gmt":"2026-04-01T13:39:30","slug":"portefeuille-en-cuir-marron","status":"publish","type":"product","link":"https:\/\/faconaudrey.fr\/?product=portefeuille-en-cuir-marron","title":{"rendered":"Portefeuille en cuir marron"},"content":{"rendered":"<p>\u00ab\u00a0D\u00e9couvrez nos Portefeuilles, o\u00f9 \u00e9l\u00e9gance rencontre fonctionnalit\u00e9, nos portefeuilles sont con\u00e7us pour organiser votre vie avec style. Ils sont le mariage parfait entre design et praticit\u00e9, assurant que vos essentiels sont s\u00e9curis\u00e9s avec \u00e9l\u00e9gance. \ud83d\udcbc Produit non r\u00e9alis\u00e9 par l&rsquo;entreprise.<\/p>\n","protected":false},"excerpt":{"rendered":"<p>cuir lav\u00e9 \/ plusieurs emplacements pour carte \/ protection RFID \/ dim 11.5*9*2 cm<\/p>\n<p>\u2728 &#8211; Un savoir-faire unique dans chaque cr\u00e9ation, m\u00ealant tradition et innovation.\ud83c\udf1fQualit\u00e9 Premium\ud83d\udd70\ufe0f &#8211; Des mat\u00e9riaux choisis pour leur excellence, garantissant \u00e9l\u00e9gance et durabilit\u00e9.\ud83d\udc8eDesign \u00c9l\u00e9gant\ud83c\udf08 &#8211; Chaque pi\u00e8ce est une \u0153uvre d&rsquo;art, con\u00e7ue pour embellir votre quotidien\ud83d\ude9aLivraison Gratuite \ud83d\udce6 &#8211; Profitez de la livraison offerte pour toute commande sup\u00e9rieure \u00e0 30\u20ac, ajoutant encore plus de valeur \u00e0 votre exp\u00e9rience &lsquo;Fa\u00e7on Audrey&rsquo;.<\/p>\n","protected":false},"featured_media":531,"template":"","meta":{"site-sidebar-layout":"default","site-content-layout":"","ast-site-content-layout":"default","site-content-style":"default","site-sidebar-style":"default","ast-global-header-display":"","ast-banner-title-visibility":"","ast-main-header-display":"","ast-hfb-above-header-display":"","ast-hfb-below-header-display":"","ast-hfb-mobile-header-display":"","site-post-title":"","ast-breadcrumbs-content":"","ast-featured-img":"","footer-sml-layout":"","ast-disable-related-posts":"","theme-transparent-header-meta":"default","adv-header-id-meta":"","stick-header-meta":"","header-above-stick-meta":"","header-main-stick-meta":"","header-below-stick-meta":"","astra-migrate-meta-layouts":"set","ast-page-background-enabled":"default","ast-page-background-meta":{"desktop":{"background-color":"var(--ast-global-color-4)","background-image":"","background-repeat":"repeat","background-position":"center center","background-size":"auto","background-attachment":"scroll","background-type":"","background-media":"","overlay-type":"","overlay-color":"","overlay-opacity":"","overlay-gradient":""},"tablet":{"background-color":"","background-image":"","background-repeat":"repeat","background-position":"center center","background-size":"auto","background-attachment":"scroll","background-type":"","background-media":"","overlay-type":"","overlay-color":"","overlay-opacity":"","overlay-gradient":""},"mobile":{"background-color":"","background-image":"","background-repeat":"repeat","background-position":"center center","background-size":"auto","background-attachment":"scroll","background-type":"","background-media":"","overlay-type":"","overlay-color":"","overlay-opacity":"","overlay-gradient":""}},"ast-content-background-meta":{"desktop":{"background-color":"var(--ast-global-color-5)","background-image":"","background-repeat":"repeat","background-position":"center center","background-size":"auto","background-attachment":"scroll","background-type":"","background-media":"","overlay-type":"","overlay-color":"","overlay-opacity":"","overlay-gradient":""},"tablet":{"background-color":"var(--ast-global-color-5)","background-image":"","background-repeat":"repeat","background-position":"center center","background-size":"auto","background-attachment":"scroll","background-type":"","background-media":"","overlay-type":"","overlay-color":"","overlay-opacity":"","overlay-gradient":""},"mobile":{"background-color":"var(--ast-global-color-5)","background-image":"","background-repeat":"repeat","background-position":"center center","background-size":"auto","background-attachment":"scroll","background-type":"","background-media":"","overlay-type":"","overlay-color":"","overlay-opacity":"","overlay-gradient":""}}},"product_brand":[],"product_cat":[65],"product_tag":[],"class_list":{"0":"post-537","1":"product","2":"type-product","3":"status-publish","4":"has-post-thumbnail","6":"product_cat-petits-prix","7":"product_shipping_class-gros-objets","8":"desktop-align-left","9":"tablet-align-left","10":"mobile-align-left","12":"first","13":"instock","14":"sale","15":"shipping-taxable","16":"purchasable","17":"product-type-simple"},"jetpack-related-posts":[],"jetpack_sharing_enabled":true,"_links":{"self":[{"href":"https:\/\/faconaudrey.fr\/index.php?rest_route=\/wp\/v2\/product\/537","targetHints":{"allow":["GET"]}}],"collection":[{"href":"https:\/\/faconaudrey.fr\/index.php?rest_route=\/wp\/v2\/product"}],"about":[{"href":"https:\/\/faconaudrey.fr\/index.php?rest_route=\/wp\/v2\/types\/product"}],"wp:featuredmedia":[{"embeddable":true,"href":"https:\/\/faconaudrey.fr\/index.php?rest_route=\/wp\/v2\/media\/531"}],"wp:attachment":[{"href":"https:\/\/faconaudrey.fr\/index.php?rest_route=%2Fwp%2Fv2%2Fmedia&parent=537"}],"wp:term":[{"taxonomy":"product_brand","embeddable":true,"href":"https:\/\/faconaudrey.fr\/index.php?rest_route=%2Fwp%2Fv2%2Fproduct_brand&post=537"},{"taxonomy":"product_cat","embeddable":true,"href":"https:\/\/faconaudrey.fr\/index.php?rest_route=%2Fwp%2Fv2%2Fproduct_cat&post=537"},{"taxonomy":"product_tag","embeddable":true,"href":"https:\/\/faconaudrey.fr\/index.php?rest_route=%2Fwp%2Fv2%2Fproduct_tag&post=537"}],"curies":[{"name":"wp","href":"https:\/\/api.w.org\/{rel}","templated":true}]}}